{"id":2,"date":"2016-05-16T16:23:36","date_gmt":"2016-05-16T14:23:36","guid":{"rendered":"https:\/\/bloggar.hemmetsjournal.se\/anna\/?page_id=2"},"modified":"2024-06-13T20:24:36","modified_gmt":"2024-06-13T18:24:36","slug":"om-anna","status":"publish","type":"page","link":"https:\/\/bloggar.hemmetsjournal.se\/anna\/om-anna\/","title":{"rendered":"Om Anna"},"content":{"rendered":"<p>Hej och v\u00e4lkommen till <em>Ett varv till<\/em>! Det \u00e4r en blogg som b\u00f6rjade med n\u00e4stan bara stickning och annat textilhandarbete.<\/p>\n<p>Nu inneh\u00e5ller den mycket annat ocks\u00e5 \u2013 recept, musik, l\u00e4stips och tankar om allt m\u00f6jligt.<\/p>\n<p>Men det \u00e4r nog fortfarande enkla, stickade plagg som Femtimmarskoftan, M\u00f6ssan Omtanke och Tv\u00e5 tr\u00e5d\u00e4ndars lilla kofta som g\u00f6r att nya l\u00e4sare hamnar h\u00e4r.<\/p>\n<p>S\u00e5 h\u00e4r \u00e4r den f\u00f6rsta presentationen:<\/p>\n<p>Ett varv till \u00e4r en blogg f\u00f6r alla som vill g\u00f6ra v\u00e4rlden lite varmare och lite vackrare &#8212; inte genom att tunna ut ozonlager och k\u00f6pa pynt, utan genom att generera v\u00e4rme f\u00f6r m\u00e4nniskor som fryser och se till att det vi har h\u00e4r p\u00e5 jorden f\u00f6rdelas p\u00e5 ett mer r\u00e4ttvist s\u00e4tt. L\u00e5ter det som ett storvulet uppdrag? &#8221;Vi kan inte g\u00f6ra stora saker, vi kan bara g\u00f6ra sm\u00e5 saker med stor k\u00e4rlek&#8221;, sa moder Teresa. Sm\u00e5 saker kan vara koftor till nyf\u00f6dda i Kongo, Etiopien och Nepal, och det kan vara ett matpaket till en familj i Malawi eller Syrien. M\u00e5nga \u00e4r med och hj\u00e4lps \u00e5t p\u00e5 olika vis.<\/p>\n<p>Anna heter jag som skriver <em>Ett varv till<\/em>. Jag har arbetat med b\u00f6cker i ganska m\u00e5nga \u00e5r, och det var ett par bokprojekt som fick mig att b\u00f6rja sticka och virka igen. Min mormor l\u00e4rde mig den noggranna delen av det n\u00e4r jag gick i l\u00e5gstadiet, och min farmor l\u00e4rde mig att man m\u00e5ste prova sina egna id\u00e9er.<\/p>\n<p>Fj\u00e4rrv\u00e4rme \u00e4r ett ord som jag anv\u00e4nder ibland n\u00e4r jag m\u00e5ste f\u00f6rklara vad jag g\u00f6r. Hj\u00e4lpstickning \u00e4r ett annat. Och allt b\u00f6rjar alltid med en maska. Vill du vara med?<\/p>\n","protected":false},"excerpt":{"rendered":"<p>Hej och v\u00e4lkommen till Ett varv till! Det \u00e4r en blogg som b\u00f6rjade med n\u00e4stan bara stickning och annat textilhandarbete. Nu inneh\u00e5ller den mycket annat ocks\u00e5 \u2013 recept, musik, l\u00e4stips och tankar om allt m\u00f6jligt. Men det \u00e4r nog fortfarande enkla, stickade plagg som Femtimmarskoftan, M\u00f6ssan Omtanke och Tv\u00e5 tr\u00e5d\u00e4ndars lilla kofta som g\u00f6r att&#8230;<\/p>\n","protected":false},"author":31,"featured_media":17920,"parent":0,"menu_order":0,"comment_status":"closed","ping_status":"closed","template":"","meta":{"site-sidebar-layout":"default","site-content-layout":"","ast-site-content-layout":"default","site-content-style":"default","site-sidebar-style":"default","ast-global-header-display":"","ast-banner-title-visibility":"","ast-main-header-display":"","ast-hfb-above-header-display":"","ast-hfb-below-header-display":"","ast-hfb-mobile-header-display":"","site-post-title":"","ast-breadcrumbs-content":"","ast-featured-img":"","footer-sml-layout":"","ast-disable-related-posts":"","theme-transparent-header-meta":"","adv-header-id-meta":"","stick-header-meta":"","header-above-stick-meta":"","header-main-stick-meta":"","header-below-stick-meta":"","astra-migrate-meta-layouts":"set","ast-page-background-enabled":"default","ast-page-background-meta":{"desktop":{"background-color":"var(--ast-global-color-4)","background-image":"","background-repeat":"repeat","background-position":"center center","background-size":"auto","background-attachment":"scroll","background-type":"","background-media":"","overlay-type":"","overlay-color":"","overlay-opacity":"","overlay-gradient":""},"tablet":{"background-color":"","background-image":"","background-repeat":"repeat","background-position":"center center","background-size":"auto","background-attachment":"scroll","background-type":"","background-media":"","overlay-type":"","overlay-color":"","overlay-opacity":"","overlay-gradient":""},"mobile":{"background-color":"","background-image":"","background-repeat":"repeat","background-position":"center center","background-size":"auto","background-attachment":"scroll","background-type":"","background-media":"","overlay-type":"","overlay-color":"","overlay-opacity":"","overlay-gradient":""}},"ast-content-background-meta":{"desktop":{"background-color":"var(--ast-global-color-5)","background-image":"","background-repeat":"repeat","background-position":"center center","background-size":"auto","background-attachment":"scroll","background-type":"","background-media":"","overlay-type":"","overlay-color":"","overlay-opacity":"","overlay-gradient":""},"tablet":{"background-color":"var(--ast-global-color-5)","background-image":"","background-repeat":"repeat","background-position":"center center","background-size":"auto","background-attachment":"scroll","background-type":"","background-media":"","overlay-type":"","overlay-color":"","overlay-opacity":"","overlay-gradient":""},"mobile":{"background-color":"var(--ast-global-color-5)","background-image":"","background-repeat":"repeat","background-position":"center center","background-size":"auto","background-attachment":"scroll","background-type":"","background-media":"","overlay-type":"","overlay-color":"","overlay-opacity":"","overlay-gradient":""}},"footnotes":""},"class_list":["post-2","page","type-page","status-publish","has-post-thumbnail","hentry"],"_links":{"self":[{"href":"https:\/\/bloggar.hemmetsjournal.se\/anna\/wp-json\/wp\/v2\/pages\/2"}],"collection":[{"href":"https:\/\/bloggar.hemmetsjournal.se\/anna\/wp-json\/wp\/v2\/pages"}],"about":[{"href":"https:\/\/bloggar.hemmetsjournal.se\/anna\/wp-json\/wp\/v2\/types\/page"}],"author":[{"embeddable":true,"href":"https:\/\/bloggar.hemmetsjournal.se\/anna\/wp-json\/wp\/v2\/users\/31"}],"replies":[{"embeddable":true,"href":"https:\/\/bloggar.hemmetsjournal.se\/anna\/wp-json\/wp\/v2\/comments?post=2"}],"version-history":[{"count":6,"href":"https:\/\/bloggar.hemmetsjournal.se\/anna\/wp-json\/wp\/v2\/pages\/2\/revisions"}],"predecessor-version":[{"id":17921,"href":"https:\/\/bloggar.hemmetsjournal.se\/anna\/wp-json\/wp\/v2\/pages\/2\/revisions\/17921"}],"wp:featuredmedia":[{"embeddable":true,"href":"https:\/\/bloggar.hemmetsjournal.se\/anna\/wp-json\/wp\/v2\/media\/17920"}],"wp:attachment":[{"href":"https:\/\/bloggar.hemmetsjournal.se\/anna\/wp-json\/wp\/v2\/media?parent=2"}],"curies":[{"name":"wp","href":"https:\/\/api.w.org\/{rel}","templated":true}]}}